{"id":2543,"date":"2023-07-07T13:39:57","date_gmt":"2023-07-07T11:39:57","guid":{"rendered":"https:\/\/redalimentaccion.org\/avis-legal\/"},"modified":"2024-01-16T14:01:22","modified_gmt":"2024-01-16T13:01:22","slug":"avis-legal","status":"publish","type":"page","link":"https:\/\/redalimentaccion.org\/ca\/avis-legal\/","title":{"rendered":"Av\u00eds Legal"},"content":{"rendered":"<div class=\"fusion-fullwidth fullwidth-box fusion-builder-row-1 fusion-flex-container has-pattern-background has-mask-background nonhundred-percent-fullwidth non-hundred-percent-height-scrolling\" style=\"--awb-border-radius-top-left:0px;--awb-border-radius-top-right:0px;--awb-border-radius-bottom-right:0px;--awb-border-radius-bottom-left:0px;--awb-flex-wrap:wrap;\" ><div class=\"fusion-builder-row fusion-row fusion-flex-align-items-flex-start fusion-flex-content-wrap\" style=\"max-width:1352px;margin-left: calc(-4% \/ 2 );margin-right: calc(-4% \/ 2 );\"><div class=\"fusion-layout-column fusion_builder_column fusion-builder-column-0 fusion_builder_column_1_1 1_1 fusion-flex-column\" style=\"--awb-bg-size:cover;--awb-width-large:100%;--awb-margin-top-large:0px;--awb-spacing-right-large:1.92%;--awb-margin-bottom-large:0px;--awb-spacing-left-large:1.92%;--awb-width-medium:100%;--awb-order-medium:0;--awb-spacing-right-medium:1.92%;--awb-spacing-left-medium:1.92%;--awb-width-small:100%;--awb-order-small:0;--awb-spacing-right-small:1.92%;--awb-spacing-left-small:1.92%;\"><div class=\"fusion-column-wrapper fusion-column-has-shadow fusion-flex-justify-content-flex-start fusion-content-layout-column\"><div class=\"fusion-text fusion-text-1\"><p><strong>PROTECCI\u00d3 DE DADES JUST\u00cdCIA ALIMENT\u00c0RIA.<\/strong><\/p>\n<p>JUST\u00cdCIA ALIMENT\u00c0RIA us garanteix, a les persones usu\u00e0ries del lloc web, que compleix el Reglament General de Protecci\u00f3 de Dades (UE) 2016\/679, i que ha establert les mesures de seguretat exigides per les lleis i reglaments destinats a preservar el secret, confidencialitat i integritat en el tractament de les vostres dades personals.<\/p>\n<p>Aquestes dades personals seran utilitzades en la forma i amb les limitacions i drets que concedeix la protecci\u00f3 de dades de car\u00e0cter personal.<\/p>\n<p>La recollida i tractament de les dades personals sol\u00b7licitades t\u00e9 com a finalitat l\u2019atenci\u00f3 a la persona usu\u00e0ria, tant administrativa com comercial. JUST\u00cdCIA ALIMENT\u00c0RIA es compromet a guardar la m\u00e0xima reserva, secret i confidencialitat sobre la informaci\u00f3 de les dades personals que teniu a la vostra disposici\u00f3. Teniu dret a obtenir confirmaci\u00f3 sobre si a JUST\u00cdCIA ALIMENT\u00c0RIA. estem tractant les vostres dades personals, per tant, teniu dret a accedir a les vostres dades personals, rectificar les dades inexactes o sol\u00b7licitar la seva supressi\u00f3 quan les dades ja no siguin necess\u00e0ries per a les finalitats que han estat recollides.<\/p>\n<p><strong>AV\u00cdS LEGAL LSSI \u2013 CE<\/strong><\/p>\n<p>En compliment de la Llei 34\/2002, d\u201911 de juliol, de Serveis de la Societat de la Informaci\u00f3 i de Comer\u00e7 Electr\u00f2nic (LSSICE), JUST\u00cdCIA ALIMENT\u00c0RIA us informa que \u00e9s titular del lloc web. D\u2019acord amb l\u2019exig\u00e8ncia de l\u2019article 10 de l\u2019esmentada llei, us informa de les dades seg\u00fcents:<\/p>\n<p>el titular d\u2019aquest lloc web \u00e9s: JUST\u00cdCIA ALIMENT\u00c0RIA<\/p>\n<p>NIF: G58429077<\/p>\n<p>Domicili social: C\/ Floridablanca 66-72, 08015 Barcelona (Barcelona).<\/p>\n<p><strong>USU\u00c0RIES<\/strong><\/p>\n<p>L\u2019acc\u00e9s i\/o \u00fas d\u2019aquest portal us atribueix la condici\u00f3 de persona USU\u00c0RIA, que accepta, des de l\u2019esmentat acc\u00e9s i\/o \u00fas, les condicions generals d\u2019\u00fas aqu\u00ed reflectides. Les condicions esmentades seran aplicables independentment de les condicions generals de contractaci\u00f3 que, si s\u2019escau, cas resultin de compliment obligat.<\/p>\n<p><strong>\u00daS DEL PORTAL<\/strong><\/p>\n<p>El lloc web proporciona l\u2019acc\u00e9s a multitud d\u2019informacions, serveis, programes o dades (d\u2019ara endavant, \u201cels continguts\u201d) a Internet pertanyents a JUST\u00cdCIA ALIMENT\u00c0RIA o als seus llicenciadors als quals la persona USU\u00c0RIA pugui tenir acc\u00e9s. La persona USU\u00c0RIA assumeix la responsabilitat de l\u2019\u00fas del portal. Aquesta responsabilitat s\u2019est\u00e9n al registre que sigui necessari per accedir a determinats serveis o continguts.<\/p>\n<p>En aquest registre, la persona USU\u00c0RIA ser\u00e0 responsable d\u2019aportar informaci\u00f3 vera\u00e7 i l\u00edcita. Com a conseq\u00fc\u00e8ncia d\u2019aquest registre, a la persona USU\u00c0RIA se li pot proporcionar una contrasenya de la qual ser\u00e0 responsable, i es compromet fer-ne un \u00fas diligent i confidencial. El persona USU\u00c0RIA es compromet a fer un \u00fas adequat dels continguts i serveis que JUST\u00cdCIA ALIMENT\u00c0RIA ofereix a trav\u00e9s del seu portal i amb car\u00e0cter enunciatiu per\u00f2 no limitatiu, a no emprar-los per a:<\/p>\n<ol>\n<li>inc\u00f3rrer en activitats il\u00b7l\u00edcites, il\u00b7legals o contr\u00e0ries a la bona fe i al ordre p\u00fablic.<\/li>\n<li>difondre continguts o propaganda de car\u00e0cter racista, xen\u00f2fob, pornogr\u00e0fic-illegal, d\u2019apologia del terrorisme o atemptatori contra els drets humans.<\/li>\n<li>la persona USU\u00c0RIA haur\u00e0 d\u2019abstenir-se de suprimir, alterar, eludir o manipular qualsevol dispositiu de protecci\u00f3 o sistema de seguretat que estigu\u00e9s instal\u00b7lat a les p\u00e0gines de JUST\u00cdCIA ALIMENT\u00c0RIA.<\/li>\n<li>intentar accedir i, si s\u2019escau, utilitzar els comptes de correu electr\u00f2nic d\u2019altres usuaris i modificar manipular els seus missatges. Intentar accedir i, si s\u2019escau, utilitzar els comptes de correu electr\u00f2nic d\u2019altres usuaris i modificar manipular els seus missatges. JUST\u00cdCIA ALIMENT\u00c0RIA es reserva el dret de retirar tots aquells comentaris i aportacions que vulnerin el respecte a la dignitat de la persona, que siguin discriminatoris, xen\u00f2fobs, racistes, pornogr\u00e0fics, que atemptin contra la joventut o la inf\u00e0ncia, l\u2019ordre o la seguretat p\u00fablica o que, a parer seu, no resultessin adequats per a la publicaci\u00f3. En qualsevol cas, JUSTICIA ALIMENTARIA no ser\u00e0 responsable de les opinions abocades pels usuaris a trav\u00e9s dels f\u00f2rums, xats, o altres eines de participaci\u00f3.<\/li>\n<\/ol>\n<p><strong>PROPIETAT INTEL\u00b7LECTUAL I INDUSTRIAL<\/strong><\/p>\n<p>JUST\u00cdCIA ALIMENT\u00c0RIA ser\u00e0 titular de tots els drets de propietat intel\u00b7lectual i industrial del lloc web, aix\u00ed com dels elements que contingui (a t\u00edtol enunciatiu, imatges, so, \u00e0udio, v\u00eddeo, programari o textos; marques o logotips, combinacions de colors, estructura i disseny, selecci\u00f3 de materials usats, programes d\u2019ordinador necessaris per al seu funcionament, acc\u00e9s i \u00fas, etc.).<\/p>\n<p>Tots els drets reservats. En virtut del que disposen els articles 8 i 32.1, par\u00e0graf segon, de la Llei de propietat intel\u00b7lectual, queden expressament prohibides la reproducci\u00f3, la distribuci\u00f3 i la comunicaci\u00f3 p\u00fablica, incloent-hi la seva modalitat de posada a disposici\u00f3, de la totalitat o part dels continguts d\u2019aquest portal web, amb finalitat comercials, en qualsevol suport i per qualsevol mitj\u00e0 t\u00e8cnic, sense la autoritzaci\u00f3 de JUST\u00cdCIA ALIMENT\u00c0RIA. La persona USU\u00c0RIA es compromet a respectar els drets de propietat intel\u00b7lectual i industrial titularitat de JUST\u00cdCIA ALIMENT\u00c0RIA. Podreu visualitzar els elements del portal i, fins i tot imprimir-los, copiar-los i emmagatzemar-los al disc dur del vostre ordinador o en qualsevol altre suport f\u00edsic, sempre que sigui exclusivament per a \u00fas personal i privat. la persona USU\u00c0RIA haur\u00e0 d\u2019abstenir-se de suprimir, alterar, eludir o manipular qualsevol dispositiu de protecci\u00f3 o sistema de seguretat que estigu\u00e9s instal\u00b7lat a les p\u00e0gines de JUST\u00cdCIA ALIMENT\u00c0RIA.<\/p>\n<p><strong>EXCLUSI\u00d3 DE GARANTIES I RESPONSABILITAT<\/strong><\/p>\n<p>JUST\u00cdCIA ALIMENT\u00c0RIA no es fa responsable, en cap cas, dels danys i perjudicis de qualsevol naturalesa que poguessin ocasionar, a t\u00edtol enunciatiu: errors o omissions en els continguts, manca de disponibilitat del portal o la transmissi\u00f3 de virus o programes maliciosos o lesius en els continguts, tot i haver adoptat totes les mesures tecnol\u00f2giques necess\u00e0ries per evitar-ho.<\/p>\n<p><strong>MODIFICACIONS<\/strong><\/p>\n<p>JUST\u00cdCIA ALIMENT\u00c0RIA es reserva el dret d\u2019efectuar sense av\u00eds previ les modificacions que consideri oportunes al seu portal, podent canviar, suprimir o afegir tant els continguts i serveis que s\u2019hi prestin com la manera en qu\u00e8 aquests apareguin presentats o localitzats al seu portal.<\/p>\n<p><strong>ENLLA\u00c7OS<\/strong><\/p>\n<p>En el cas que al lloc web es disposessin enlla\u00e7os cap a altres llocs d\u2019Internet, JUST\u00cdCIA ALIMENT\u00c0RIA no exercir\u00e0 cap tipus de control sobre aquests llocs i continguts. En cap cas JUST\u00cdCIA ALIMENT\u00c0RIA assumir\u00e0 cap responsabilitat pels continguts d\u2019algun enlla\u00e7 pertanyent a un lloc web ali\u00e8, ni garantir\u00e0 la disponibilitat t\u00e8cnica, qualitat, fiabilitat, exactitud, amplitud, veracitat, validesa i constitucionalitat de qualsevol material o informaci\u00f3 continguda en cap d\u2019aquests enlla\u00e7os o altres llocs d\u2019Internet. Igualment, la inclusi\u00f3 d\u2019aquestes connexions externes no implicar\u00e0 cap tipus d\u2019associaci\u00f3, fusi\u00f3 o participaci\u00f3 amb les entitats connectades.<\/p>\n<p><strong>DRET D\u2019EXCLUSI\u00d3<\/strong><\/p>\n<p>This site is registered on wpml.org as a development site. JUST\u00cdCIA ALIMENT\u00c0RIA es reserva el dret a denegar o retirar l\u2019acc\u00e9s al portal i\/o els serveis oferts sense necessitat de preav\u00eds, a inst\u00e0ncia pr\u00f2pia o d\u2019un tercer, a aquelles persones USU\u00c0RIES que incompleixin les presents Condicions generals d\u2019\u00fas.<\/p>\n<p><strong>GENERALITATS<\/strong><\/p>\n<p>JUST\u00cdCIA ALIMENT\u00c0RIA perseguir\u00e0 l\u2019incompliment de les presents condicions, aix\u00ed com qualsevol utilitzaci\u00f3 indeguda del portal exercint totes les accions civils i penals que li puguin correspondre en dret.<\/p>\n<p><strong>MODIFICACI\u00d3 DE LES PRESENTS CONDICIONS I DURADA<\/strong><\/p>\n<p>JUST\u00cdCIA ALIMENT\u00c0RIA podr\u00e0 modificar en qualsevol moment les condicions aqu\u00ed determinades, sent degudament publicades com aqu\u00ed apareixen. La vig\u00e8ncia de les condicions esmentades anir\u00e0 en funci\u00f3 de la seva exposici\u00f3 i estaran vigents fins que siguin modificades per altres degudament publicades.<\/p>\n<p><strong>LEGISLACI\u00d3 APLICABLE I JURISDICCI\u00d3<\/strong><\/p>\n<p>La relaci\u00f3 entre JUST\u00cdCIA ALIMENT\u00c0RIA i la persona USU\u00c0RIA es regir\u00e0 per la normativa espanyola vigent i qualsevol controv\u00e8rsia se sotmetr\u00e0 als jutjats i tribunals de la ciutat anteriorment indicada.<\/p>\n<p>Finalment, podreu exercir els vostres drets d\u2019acc\u00e9s, rectificaci\u00f3, cancel\u00b7laci\u00f3 i oposici\u00f3, aix\u00ed com revocar el consentiment prestat per a l\u2019enviament de comunicacions comercials electr\u00f2niques mitjan\u00e7ant l\u2019enviament d\u2019un correu electr\u00f2nic a <a href=\"mailto:info@redalimentaccion.org\">info@redalimentaccion.org<\/a><\/p>\n<\/div><\/div><\/div><\/div><\/div>\n","protected":false},"excerpt":{"rendered":"","protected":false},"author":2,"featured_media":0,"parent":0,"menu_order":0,"comment_status":"closed","ping_status":"closed","template":"100-width.php","meta":{"footnotes":""},"class_list":["post-2543","page","type-page","status-publish","hentry"],"yoast_head":"<!-- This site is optimized with the Yoast SEO plugin v27.5 - https:\/\/yoast.com\/product\/yoast-seo-wordpress\/ -->\n<title>Av\u00eds Legal | Red Alimentacci\u00f3n<\/title>\n<meta name=\"robots\" content=\"noindex, follow\" \/>\n<meta property=\"og:locale\" content=\"ca_ES\" \/>\n<meta property=\"og:type\" content=\"article\" \/>\n<meta property=\"og:title\" content=\"Av\u00eds Legal | Red Alimentacci\u00f3n\" \/>\n<meta property=\"og:url\" content=\"https:\/\/redalimentaccion.org\/ca\/avis-legal\/\" \/>\n<meta property=\"og:site_name\" content=\"Red Alimentacci\u00f3n\" \/>\n<meta property=\"article:modified_time\" content=\"2024-01-16T13:01:22+00:00\" \/>\n<meta property=\"og:image\" content=\"https:\/\/redalimentaccion.org\/wp-content\/uploads\/2023\/07\/Logo_alimentaccion.png\" \/>\n\t<meta property=\"og:image:width\" content=\"835\" \/>\n\t<meta property=\"og:image:height\" content=\"364\" \/>\n\t<meta property=\"og:image:type\" content=\"image\/png\" \/>\n<meta name=\"twitter:card\" content=\"summary_large_image\" \/>\n<meta name=\"twitter:label1\" content=\"Temps estimat de lectura\" \/>\n\t<meta name=\"twitter:data1\" content=\"6 minuts\" \/>\n<script type=\"application\/ld+json\" class=\"yoast-schema-graph\">{\"@context\":\"https:\\\/\\\/schema.org\",\"@graph\":[{\"@type\":\"WebPage\",\"@id\":\"https:\\\/\\\/redalimentaccion.org\\\/ca\\\/avis-legal\\\/\",\"url\":\"https:\\\/\\\/redalimentaccion.org\\\/ca\\\/avis-legal\\\/\",\"name\":\"Av\u00eds Legal | Red Alimentacci\u00f3n\",\"isPartOf\":{\"@id\":\"https:\\\/\\\/redalimentaccion.org\\\/#website\"},\"datePublished\":\"2023-07-07T11:39:57+00:00\",\"dateModified\":\"2024-01-16T13:01:22+00:00\",\"breadcrumb\":{\"@id\":\"https:\\\/\\\/redalimentaccion.org\\\/ca\\\/avis-legal\\\/#breadcrumb\"},\"inLanguage\":\"ca\",\"potentialAction\":[{\"@type\":\"ReadAction\",\"target\":[\"https:\\\/\\\/redalimentaccion.org\\\/ca\\\/avis-legal\\\/\"]}]},{\"@type\":\"BreadcrumbList\",\"@id\":\"https:\\\/\\\/redalimentaccion.org\\\/ca\\\/avis-legal\\\/#breadcrumb\",\"itemListElement\":[{\"@type\":\"ListItem\",\"position\":1,\"name\":\"Inicio\",\"item\":\"https:\\\/\\\/redalimentaccion.org\\\/ca\\\/\"},{\"@type\":\"ListItem\",\"position\":2,\"name\":\"Av\u00eds Legal\"}]},{\"@type\":\"WebSite\",\"@id\":\"https:\\\/\\\/redalimentaccion.org\\\/#website\",\"url\":\"https:\\\/\\\/redalimentaccion.org\\\/\",\"name\":\"Red Alimentacci\u00f3n\",\"description\":\"Red Alimentacci\u00f3n trabaja junto al sector educativo en la transformaci\u00f3n hacia un sistema alimentario saludable, justo, accesible y sostenible.\",\"publisher\":{\"@id\":\"https:\\\/\\\/redalimentaccion.org\\\/#organization\"},\"alternateName\":\"Alimentacci\u00f3n\",\"potentialAction\":[{\"@type\":\"SearchAction\",\"target\":{\"@type\":\"EntryPoint\",\"urlTemplate\":\"https:\\\/\\\/redalimentaccion.org\\\/?s={search_term_string}\"},\"query-input\":{\"@type\":\"PropertyValueSpecification\",\"valueRequired\":true,\"valueName\":\"search_term_string\"}}],\"inLanguage\":\"ca\"},{\"@type\":\"Organization\",\"@id\":\"https:\\\/\\\/redalimentaccion.org\\\/#organization\",\"name\":\"Red Alimentacci\u00f3n\",\"url\":\"https:\\\/\\\/redalimentaccion.org\\\/\",\"logo\":{\"@type\":\"ImageObject\",\"inLanguage\":\"ca\",\"@id\":\"https:\\\/\\\/redalimentaccion.org\\\/#\\\/schema\\\/logo\\\/image\\\/\",\"url\":\"https:\\\/\\\/redalimentaccion.org\\\/wp-content\\\/uploads\\\/2023\\\/07\\\/Logo_alimentaccion.png\",\"contentUrl\":\"https:\\\/\\\/redalimentaccion.org\\\/wp-content\\\/uploads\\\/2023\\\/07\\\/Logo_alimentaccion.png\",\"width\":835,\"height\":364,\"caption\":\"Red Alimentacci\u00f3n\"},\"image\":{\"@id\":\"https:\\\/\\\/redalimentaccion.org\\\/#\\\/schema\\\/logo\\\/image\\\/\"}}]}<\/script>\n<!-- \/ Yoast SEO plugin. -->","yoast_head_json":{"title":"Av\u00eds Legal | Red Alimentacci\u00f3n","robots":{"index":"noindex","follow":"follow"},"og_locale":"ca_ES","og_type":"article","og_title":"Av\u00eds Legal | Red Alimentacci\u00f3n","og_url":"https:\/\/redalimentaccion.org\/ca\/avis-legal\/","og_site_name":"Red Alimentacci\u00f3n","article_modified_time":"2024-01-16T13:01:22+00:00","og_image":[{"width":835,"height":364,"url":"https:\/\/redalimentaccion.org\/wp-content\/uploads\/2023\/07\/Logo_alimentaccion.png","type":"image\/png"}],"twitter_card":"summary_large_image","twitter_misc":{"Temps estimat de lectura":"6 minuts"},"schema":{"@context":"https:\/\/schema.org","@graph":[{"@type":"WebPage","@id":"https:\/\/redalimentaccion.org\/ca\/avis-legal\/","url":"https:\/\/redalimentaccion.org\/ca\/avis-legal\/","name":"Av\u00eds Legal | Red Alimentacci\u00f3n","isPartOf":{"@id":"https:\/\/redalimentaccion.org\/#website"},"datePublished":"2023-07-07T11:39:57+00:00","dateModified":"2024-01-16T13:01:22+00:00","breadcrumb":{"@id":"https:\/\/redalimentaccion.org\/ca\/avis-legal\/#breadcrumb"},"inLanguage":"ca","potentialAction":[{"@type":"ReadAction","target":["https:\/\/redalimentaccion.org\/ca\/avis-legal\/"]}]},{"@type":"BreadcrumbList","@id":"https:\/\/redalimentaccion.org\/ca\/avis-legal\/#breadcrumb","itemListElement":[{"@type":"ListItem","position":1,"name":"Inicio","item":"https:\/\/redalimentaccion.org\/ca\/"},{"@type":"ListItem","position":2,"name":"Av\u00eds Legal"}]},{"@type":"WebSite","@id":"https:\/\/redalimentaccion.org\/#website","url":"https:\/\/redalimentaccion.org\/","name":"Red Alimentacci\u00f3n","description":"Red Alimentacci\u00f3n trabaja junto al sector educativo en la transformaci\u00f3n hacia un sistema alimentario saludable, justo, accesible y sostenible.","publisher":{"@id":"https:\/\/redalimentaccion.org\/#organization"},"alternateName":"Alimentacci\u00f3n","potentialAction":[{"@type":"SearchAction","target":{"@type":"EntryPoint","urlTemplate":"https:\/\/redalimentaccion.org\/?s={search_term_string}"},"query-input":{"@type":"PropertyValueSpecification","valueRequired":true,"valueName":"search_term_string"}}],"inLanguage":"ca"},{"@type":"Organization","@id":"https:\/\/redalimentaccion.org\/#organization","name":"Red Alimentacci\u00f3n","url":"https:\/\/redalimentaccion.org\/","logo":{"@type":"ImageObject","inLanguage":"ca","@id":"https:\/\/redalimentaccion.org\/#\/schema\/logo\/image\/","url":"https:\/\/redalimentaccion.org\/wp-content\/uploads\/2023\/07\/Logo_alimentaccion.png","contentUrl":"https:\/\/redalimentaccion.org\/wp-content\/uploads\/2023\/07\/Logo_alimentaccion.png","width":835,"height":364,"caption":"Red Alimentacci\u00f3n"},"image":{"@id":"https:\/\/redalimentaccion.org\/#\/schema\/logo\/image\/"}}]}},"_links":{"self":[{"href":"https:\/\/redalimentaccion.org\/ca\/wp-json\/wp\/v2\/pages\/2543","targetHints":{"allow":["GET"]}}],"collection":[{"href":"https:\/\/redalimentaccion.org\/ca\/wp-json\/wp\/v2\/pages"}],"about":[{"href":"https:\/\/redalimentaccion.org\/ca\/wp-json\/wp\/v2\/types\/page"}],"author":[{"embeddable":true,"href":"https:\/\/redalimentaccion.org\/ca\/wp-json\/wp\/v2\/users\/2"}],"replies":[{"embeddable":true,"href":"https:\/\/redalimentaccion.org\/ca\/wp-json\/wp\/v2\/comments?post=2543"}],"version-history":[{"count":0,"href":"https:\/\/redalimentaccion.org\/ca\/wp-json\/wp\/v2\/pages\/2543\/revisions"}],"wp:attachment":[{"href":"https:\/\/redalimentaccion.org\/ca\/wp-json\/wp\/v2\/media?parent=2543"}],"curies":[{"name":"wp","href":"https:\/\/api.w.org\/{rel}","templated":true}]}}