{"id":2649,"date":"2023-07-07T13:40:05","date_gmt":"2023-07-07T11:40:05","guid":{"rendered":"https:\/\/redalimentaccion.org\/privacitat\/"},"modified":"2024-01-16T14:08:32","modified_gmt":"2024-01-16T13:08:32","slug":"privacitat","status":"publish","type":"page","link":"https:\/\/redalimentaccion.org\/ca\/privacitat\/","title":{"rendered":"Privacitat"},"content":{"rendered":"<div class=\"fusion-fullwidth fullwidth-box fusion-builder-row-1 fusion-flex-container has-pattern-background has-mask-background nonhundred-percent-fullwidth non-hundred-percent-height-scrolling\" style=\"--awb-border-radius-top-left:0px;--awb-border-radius-top-right:0px;--awb-border-radius-bottom-right:0px;--awb-border-radius-bottom-left:0px;--awb-flex-wrap:wrap;\" ><div class=\"fusion-builder-row fusion-row fusion-flex-align-items-flex-start fusion-flex-content-wrap\" style=\"max-width:1352px;margin-left: calc(-4% \/ 2 );margin-right: calc(-4% \/ 2 );\"><div class=\"fusion-layout-column fusion_builder_column fusion-builder-column-0 fusion_builder_column_1_1 1_1 fusion-flex-column\" style=\"--awb-bg-size:cover;--awb-width-large:100%;--awb-margin-top-large:0px;--awb-spacing-right-large:1.92%;--awb-margin-bottom-large:0px;--awb-spacing-left-large:1.92%;--awb-width-medium:100%;--awb-order-medium:0;--awb-spacing-right-medium:1.92%;--awb-spacing-left-medium:1.92%;--awb-width-small:100%;--awb-order-small:0;--awb-spacing-right-small:1.92%;--awb-spacing-left-small:1.92%;\"><div class=\"fusion-column-wrapper fusion-column-has-shadow fusion-flex-justify-content-flex-start fusion-content-layout-column\"><div class=\"fusion-text fusion-text-1\"><p><strong>1. Introducci\u00f3 i definicions<\/strong><\/p>\n<p>Esteu visitant el portal web <a href=\"https:\/\/redalimentaccion.org\">https:\/\/redalimentaccion.org<\/a> titularitat de Just\u00edcia Aliment\u00e0ria i Hegoa.<\/p>\n<div>Justicia Alimentaria<\/div>\n<div>C\/ Floridablanca, 66-72 &#8211; Barcelona (08015) &#8211; 93 423 70 31<\/div>\n<div>CIF. G 58429077<\/div>\n<p>A trav\u00e9s de l\u2019acceptaci\u00f3 d\u2019aquesta cl\u00e0usula, accepteu expressament la Pol\u00edtica de Privadesa com a persona usu\u00e0ria del web redalimentaccion.org (d\u2019ara endavant el web), que consisteix en l\u2019acc\u00e9s a les diferents informacions i continguts que Just\u00edcia Aliment\u00e0ria posa a disposici\u00f3 de les persones usu\u00e0ries del web.<\/p>\n<p>Per a la correcta comprensi\u00f3 d\u2019aquesta Pol\u00edtica de Privadesa i les condicions dels serveis del web de Justicia Alimentaria, es fan les definicions seg\u00fcents:<\/p>\n<p><strong>2. Acceptaci\u00f3 de la persona usu\u00e0ria<\/strong><\/p>\n<p>Aquesta pol\u00edtica de privadesa regula l\u2019acc\u00e9s i la utilitzaci\u00f3 del web <a href=\"https:\/\/redalimentaccion.org\">https:\/\/redalimentaccion.org<\/a> (d\u2019ara endavant el \u201cweb\u201d) sense necessitat de registrar-se, que Justicia Alimentaria posa a disposici\u00f3 dels persona usu\u00e0ries d\u2019Internet. S\u2019ent\u00e9n per persona usu\u00e0ria la persona que accedeixi, navegui, utilitzi o participi en els serveis i les activitats del web.<\/p>\n<p>Justicia Alimentaria pot oferir a trav\u00e9s del web serveis que es podran trobar sotmesos a unes condicions particulars pr\u00f2pies sobre les quals s\u2019informar\u00e0 la persona usu\u00e0ria en cada cas concret.<\/p>\n<p><strong>3. Utilitzaci\u00f3 del web<\/strong><\/p>\n<p>3.1. La persona usu\u00e0ria es compromet a utilitzar el web, els continguts i serveis de conformitat amb la llei, aquest av\u00eds legal, els bons costums i l\u2019ordre p\u00fablic. De la mateixa manera la persona usu\u00e0ria s\u2019obliga a no utilitzar el web o els serveis que s\u2019hi prestin amb fins o efectes il\u00b7l\u00edcits o contraris al contingut del present av\u00eds legal, lesius dels interessos o drets de tercers, o que de qualsevol manera pugui danyar, inutilitzar o deteriorar el web o els seus serveis o impedir un gaudi normal del web a altres persones.<\/p>\n<p>3.2. La persona usu\u00e0ria es compromet expressament a no destruir, alterar, inutilitzar o, de qualsevol altra manera, danyar les dades, programes o documents electr\u00f2nics i altres que es trobin al web.<\/p>\n<p>3.3. La persona usu\u00e0ria es compromet a no obstaculitzar l\u2019acc\u00e9s a altres persones al servei d\u2019acc\u00e9s mitjan\u00e7ant el consum massiu dels recursos inform\u00e0tics a trav\u00e9s dels quals Just\u00edcia Aliment\u00e0ria presta el servei, aix\u00ed com realitzar accions que facin malb\u00e9, interrompin o generin errors en aquests sistemes o serveis.<\/p>\n<p>3.4. La persona usu\u00e0ria es compromet a no introduir programes, virus, macros, applets, controls ActiveX o qualsevol altre dispositiu l\u00f2gic o seq\u00fc\u00e8ncia de car\u00e0cters que causin o siguin susceptibles de causar qualsevol tipus d\u2019alteraci\u00f3 als sistemes inform\u00e0tics de Just\u00edcia Aliment\u00e0ria o de terceres persones.<\/p>\n<p>3.5. S\u2019ent\u00e9n que l\u2019acc\u00e9s o la utilitzaci\u00f3 del web per part de la persona usu\u00e0ria implica l\u2019acceptaci\u00f3 per aquest de l\u2019av\u00eds legal que Just\u00edcia Aliment\u00e0ria tingui publicades en el moment de l\u2019acc\u00e9s, les quals estaran sempre disponibles per a les usu\u00e0ries.<\/p>\n<p>3.6. La persona usu\u00e0ria es compromet a fer un \u00fas adequat dels continguts i serveis (com ara els comentaris, f\u00f2rums d\u2019opini\u00f3 o p\u00e0gines obertes al lector) que Just\u00edcia Aliment\u00e0ria ofereix al seu web i a no fer-los servir per inc\u00f3rrer en activitats il\u00b7l\u00edcites o contr\u00e0ries a la bona fe i a l\u2019ordenament legal; difondre continguts o propaganda de car\u00e0cter racista, xen\u00f2fob, pornogr\u00e0fic-il\u00b7legal, d\u2019apologia del terrorisme o atemptatori contra els drets humans.<\/p>\n<p><strong>4. Acc\u00e9s al web i contrasenyes<\/strong><\/p>\n<p>4.1. L\u2019acc\u00e9s al web per part de les persones usu\u00e0ries t\u00e9 car\u00e0cter lliure i gratu\u00eft.<\/p>\n<p>4.2. Quan sigui necessari que la persona usu\u00e0ria es registri o aporti dades personals per poder accedir a algun dels serveis, en la recollida i el tractament de les dades personals s\u2019aplica el que disposa l\u2019apartat 9 d\u2019aquest av\u00eds legal, aix\u00ed com el que disposen les condicions de registre.<\/p>\n<p>4.3. Queda prohibida la contractaci\u00f3 de productes o serveis a trav\u00e9s del web per part de menors d\u2019edat, que han d\u2019obtenir degudament i amb anterioritat, el consentiment dels seus pares, tutors o representants legals, els quals seran considerats com a responsables dels actes que portin a cap els menors a c\u00e0rrec seu.<\/p>\n<p>4.4. Si per a la utilitzaci\u00f3 d\u2019un servei al web, la persona usu\u00e0ria ha de procedir al registre, ser\u00e0 responsable d\u2019aportar informaci\u00f3 vera\u00e7 i l\u00edcita. Si, a conseq\u00fc\u00e8ncia del registre, la persona hagu\u00e9s de tenir una contrasenya, es compromet a fer un \u00fas diligent i a mantenir en secret la contrasenya per accedir a aquests serveis. Les persones usu\u00e0ries s\u00f3n responsables de l\u2019adequada cust\u00f2dia i confidencialitat de qualsevol identificador i\/o contrasenya que li siguin subministrats per Just\u00edcia Aliment\u00e0ria i es comprometen a no cedir-ne l\u2019\u00fas a tercers, sigui temporal o permanent, ni a permetre\u2019n l\u2019acc\u00e9s a persones alienes. Ser\u00e0 responsabilitat de la persona usu\u00e0ria la utilitzaci\u00f3 dels serveis per qualsevol tercer il\u00b7leg\u00edtim que faci servir a aquest efecte una contrasenya a causa d\u2019una utilitzaci\u00f3 no diligent o de la seva p\u00e8rdua per part de la persona usu\u00e0ria.<\/p>\n<p>4.5. La persona usu\u00e0ria est\u00e0 obligat a notificar de forma immediata a Just\u00edcia Aliment\u00e0ria qualsevol fet que permeti l\u2019\u00fas indegut dels identificadors i\/o contrasenyes, com ara el robatori, la p\u00e8rdua o l\u2019acc\u00e9s no autoritzat, a fi de procedir a la immediata cancel\u00b7laci\u00f3. Mentre no es comuniquin aquests fets, Just\u00edcia Aliment\u00e0ria quedar\u00e0 eximida de qualsevol responsabilitat que pogu\u00e9s derivar-se de l\u2019\u00fas indegut dels identificadors i\/o contrasenyes per part de tercers no autoritzats.<\/p>\n<p><strong>5. Propietat intel\u00b7lectual i industrial. Tots els drets reservats.<\/strong><\/p>\n<p>5.1. Tots els drets de propietat industrial i intel\u00b7lectual del web <a href=\"https:\/\/redalimentaccion.org\">https:\/\/redalimentaccion.org<\/a> i dels seus continguts (textos, imatges, sons, \u00e0udio, v\u00eddeo, dissenys, creativitats, programari) estan llicenciats sota una llic\u00e8ncia Creative Commons <a href=\"https:\/\/creativecommons.org\/licenses\/by-sa\/3.0\/es\/\">https:\/\/creativecommons.org\/licenses\/by-sa\/3.0\/es\/<\/a>, o en cas que aix\u00ed s\u2019indiqui en algun dels seus continguts, a terceres persones.<\/p>\n<p><strong>6. Enlla\u00e7os de tercers<\/strong><\/p>\n<p>6.1. En cas que al web es disposessin enlla\u00e7os cap a altres llocs d\u2019Internet, Just\u00edcia Aliment\u00e0ria no exercir\u00e0 cap tipus de control sobre aquests llocs i continguts. En cap cas Just\u00edcia Aliment\u00e0ria assumir\u00e0 cap responsabilitat pels continguts d\u2019algun enlla\u00e7 pertanyent a un lloc web ali\u00e8, ni garantir\u00e0 la disponibilitat t\u00e8cnica, qualitat, fiabilitat, exactitud, amplitud, veracitat, validesa i constitucionalitat de qualsevol material o informaci\u00f3 continguda al capdavant dels enlla\u00e7os o altres llocs d\u2019Internet.<\/p>\n<p>6.2. Aquests enlla\u00e7os nom\u00e9s es proporcionen per informar la persona usu\u00e0ria sobre l\u2019exist\u00e8ncia d\u2019altres fonts d\u2019informaci\u00f3 sobre un tema concret, i la inclusi\u00f3 d\u2019un enlla\u00e7 no implica l\u2019aprovaci\u00f3 de la p\u00e0gina web enlla\u00e7ada per part de Just\u00edcia Aliment\u00e0ria.<\/p>\n<p>6.3. Just\u00edcia Aliment\u00e0ria nom\u00e9s autoritza mencions als seus continguts en altres webs, amb el tractament que aquests considerin sempre que sigui respectu\u00f3s, compleixi la legislaci\u00f3 vigent i en cap cas reprodueixin, sense l\u2019autoritzaci\u00f3 deguda, els continguts de Just\u00edcia Aliment\u00e0ria.<\/p>\n<p><strong>7. Compliment de la normativa vigent<\/strong><\/p>\n<p>7.1 Just\u00edcia Aliment\u00e0ria, en estar ubicada a Espanya, est\u00e0 sotmesa al compliment de la normativa espanyola i europea en mat\u00e8ria de protecci\u00f3 de dades i serveis de la societat de la informaci\u00f3.<\/p>\n<p>7.2 Per tant, Just\u00edcia Aliment\u00e0ria garanteix en tot moment l\u2019\u00edntegre i ple compliment de les obligacions disposades per la normativa de protecci\u00f3 de dades i de serveis de la societat de la informaci\u00f3, aix\u00ed com per qualsevol altra llei o norma que complementi o substitueixi les anteriors.<\/p>\n<p><strong>8. La pol\u00edtica de privadesa dels serveis d\u2019alimentaci\u00f3 \u00e9s d\u2019aplicaci\u00f3 a:<\/strong><\/p>\n<ul>\n<li>La navegaci\u00f3 com a persona usu\u00e0ria que es faci sobre aquest lloc web.<\/li>\n<li>L\u2019acc\u00e9s com a persona usu\u00e0ria a qualsevol dels continguts d\u2019aquest web.<\/li>\n<\/ul>\n<p><strong>9. Responsable del tractament<\/strong><\/p>\n<p>El responsable del tractament de dades \u00e9s titular d\u2019aquest lloc web JUST\u00cdCIA ALIMENT\u00c0RIA amb NIF : G58429077 i domicili social: C\/ Floridablanca 66-72, 08015 Barcelona (Barcelona)<\/p>\n<p><strong>10. Finalitats del tractament de les dades personals de la persona usu\u00e0ria<\/strong><\/p>\n<p>Dades d\u2019\u00fas i navegaci\u00f3 inferides de l\u2019\u00fas del web, aix\u00ed com informaci\u00f3 sobre el dispositiu d\u2019acc\u00e9s, el model d\u2019equip, la versi\u00f3 del sistema operatiu, els identificadors \u00fanics del dispositiu o la connexi\u00f3, dades sobre la xarxa m\u00f2bil, aix\u00ed com fallades, activitat del sistema, ajustaments del maquinari, tipus de navegador, idioma del navegador, data i hora de sol\u00b7licitud de connexi\u00f3, URL de refer\u00e8ncia, galetes i altres dispositius d\u2019emmagatzematge i recuperaci\u00f3 de dades en equips terminals (tal com s\u2019explica a la <a href=\"https:\/\/redalimentaccion.org\/ca\/politica-de-galetes-ue\/\"><strong>Pol\u00edtica de galetes<\/strong><\/a>), que permeten identificar el navegador i dispositiu de la persona usu\u00e0ria, aix\u00ed com fer estudis anal\u00edtics i mostrar informaci\u00f3 personalitzada en funci\u00f3 del resultat dels estudis, tant en serveis propis com aliens.<\/p>\n<h4><strong>11. Dades compartides amb tercers<\/strong><\/h4>\n<p>Just\u00edcia Aliment\u00e0ria no cedir\u00e0 les dades personals de les persones usu\u00e0ries a cap tercer sense una base jur\u00eddica que legitimi aquest tractament.<\/p>\n<p>Per al mesurament de l\u2019\u00fas del web, Just\u00edcia Aliment\u00e0ria utilitza prove\u00efdors externs que utilitzen galetes per fer estudis anal\u00edtics. La persona usu\u00e0ria podr\u00e0 consultar la <a href=\"https:\/\/redalimentaccion.org\/ca\/politica-de-galetes-ue\/\"><strong>Pol\u00edtica de galetes<\/strong><\/a> en tot moment.<\/p>\n<p><strong>12. Drets de lla persona usu\u00e0ria<\/strong><\/p>\n<p>Finalment, podreu exercir els vostres drets d\u2019acc\u00e9s, rectificaci\u00f3, cancel\u00b7laci\u00f3 i oposici\u00f3, aix\u00ed com revocar el consentiment prestat per a l\u2019enviament de comunicacions comercials electr\u00f2niques mitjan\u00e7ant l\u2019enviament d\u2019un correu electr\u00f2nic a <a href=\"mailto:info@redalimentaccion.org\">info@redalimentaccion.org<\/a><\/p>\n<\/div><\/div><\/div><\/div><\/div>\n","protected":false},"excerpt":{"rendered":"","protected":false},"author":2,"featured_media":0,"parent":0,"menu_order":0,"comment_status":"closed","ping_status":"closed","template":"100-width.php","meta":{"footnotes":""},"class_list":["post-2649","page","type-page","status-publish","hentry"],"yoast_head":"<!-- This site is optimized with the Yoast SEO plugin v27.4 - https:\/\/yoast.com\/product\/yoast-seo-wordpress\/ -->\n<title>Privacitat | Red Alimentacci\u00f3n<\/title>\n<meta name=\"robots\" content=\"noindex, follow\" \/>\n<meta property=\"og:locale\" content=\"ca_ES\" \/>\n<meta property=\"og:type\" content=\"article\" \/>\n<meta property=\"og:title\" content=\"Privacitat | Red Alimentacci\u00f3n\" \/>\n<meta property=\"og:url\" content=\"https:\/\/redalimentaccion.org\/ca\/privacitat\/\" \/>\n<meta property=\"og:site_name\" content=\"Red Alimentacci\u00f3n\" \/>\n<meta property=\"article:modified_time\" content=\"2024-01-16T13:08:32+00:00\" \/>\n<meta property=\"og:image\" content=\"https:\/\/redalimentaccion.org\/wp-content\/uploads\/2023\/07\/Logo_alimentaccion.png\" \/>\n\t<meta property=\"og:image:width\" content=\"835\" \/>\n\t<meta property=\"og:image:height\" content=\"364\" \/>\n\t<meta property=\"og:image:type\" content=\"image\/png\" \/>\n<meta name=\"twitter:card\" content=\"summary_large_image\" \/>\n<meta name=\"twitter:label1\" content=\"Temps estimat de lectura\" \/>\n\t<meta name=\"twitter:data1\" content=\"7 minuts\" \/>\n<script type=\"application\/ld+json\" class=\"yoast-schema-graph\">{\"@context\":\"https:\\\/\\\/schema.org\",\"@graph\":[{\"@type\":\"WebPage\",\"@id\":\"https:\\\/\\\/redalimentaccion.org\\\/ca\\\/privacitat\\\/\",\"url\":\"https:\\\/\\\/redalimentaccion.org\\\/ca\\\/privacitat\\\/\",\"name\":\"Privacitat | Red Alimentacci\u00f3n\",\"isPartOf\":{\"@id\":\"https:\\\/\\\/redalimentaccion.org\\\/#website\"},\"datePublished\":\"2023-07-07T11:40:05+00:00\",\"dateModified\":\"2024-01-16T13:08:32+00:00\",\"breadcrumb\":{\"@id\":\"https:\\\/\\\/redalimentaccion.org\\\/ca\\\/privacitat\\\/#breadcrumb\"},\"inLanguage\":\"ca\",\"potentialAction\":[{\"@type\":\"ReadAction\",\"target\":[\"https:\\\/\\\/redalimentaccion.org\\\/ca\\\/privacitat\\\/\"]}]},{\"@type\":\"BreadcrumbList\",\"@id\":\"https:\\\/\\\/redalimentaccion.org\\\/ca\\\/privacitat\\\/#breadcrumb\",\"itemListElement\":[{\"@type\":\"ListItem\",\"position\":1,\"name\":\"Inicio\",\"item\":\"https:\\\/\\\/redalimentaccion.org\\\/ca\\\/\"},{\"@type\":\"ListItem\",\"position\":2,\"name\":\"Privacitat\"}]},{\"@type\":\"WebSite\",\"@id\":\"https:\\\/\\\/redalimentaccion.org\\\/#website\",\"url\":\"https:\\\/\\\/redalimentaccion.org\\\/\",\"name\":\"Red Alimentacci\u00f3n\",\"description\":\"Red Alimentacci\u00f3n trabaja junto al sector educativo en la transformaci\u00f3n hacia un sistema alimentario saludable, justo, accesible y sostenible.\",\"publisher\":{\"@id\":\"https:\\\/\\\/redalimentaccion.org\\\/#organization\"},\"alternateName\":\"Alimentacci\u00f3n\",\"potentialAction\":[{\"@type\":\"SearchAction\",\"target\":{\"@type\":\"EntryPoint\",\"urlTemplate\":\"https:\\\/\\\/redalimentaccion.org\\\/?s={search_term_string}\"},\"query-input\":{\"@type\":\"PropertyValueSpecification\",\"valueRequired\":true,\"valueName\":\"search_term_string\"}}],\"inLanguage\":\"ca\"},{\"@type\":\"Organization\",\"@id\":\"https:\\\/\\\/redalimentaccion.org\\\/#organization\",\"name\":\"Red Alimentacci\u00f3n\",\"url\":\"https:\\\/\\\/redalimentaccion.org\\\/\",\"logo\":{\"@type\":\"ImageObject\",\"inLanguage\":\"ca\",\"@id\":\"https:\\\/\\\/redalimentaccion.org\\\/#\\\/schema\\\/logo\\\/image\\\/\",\"url\":\"https:\\\/\\\/redalimentaccion.org\\\/wp-content\\\/uploads\\\/2023\\\/07\\\/Logo_alimentaccion.png\",\"contentUrl\":\"https:\\\/\\\/redalimentaccion.org\\\/wp-content\\\/uploads\\\/2023\\\/07\\\/Logo_alimentaccion.png\",\"width\":835,\"height\":364,\"caption\":\"Red Alimentacci\u00f3n\"},\"image\":{\"@id\":\"https:\\\/\\\/redalimentaccion.org\\\/#\\\/schema\\\/logo\\\/image\\\/\"}}]}<\/script>\n<!-- \/ Yoast SEO plugin. -->","yoast_head_json":{"title":"Privacitat | Red Alimentacci\u00f3n","robots":{"index":"noindex","follow":"follow"},"og_locale":"ca_ES","og_type":"article","og_title":"Privacitat | Red Alimentacci\u00f3n","og_url":"https:\/\/redalimentaccion.org\/ca\/privacitat\/","og_site_name":"Red Alimentacci\u00f3n","article_modified_time":"2024-01-16T13:08:32+00:00","og_image":[{"width":835,"height":364,"url":"https:\/\/redalimentaccion.org\/wp-content\/uploads\/2023\/07\/Logo_alimentaccion.png","type":"image\/png"}],"twitter_card":"summary_large_image","twitter_misc":{"Temps estimat de lectura":"7 minuts"},"schema":{"@context":"https:\/\/schema.org","@graph":[{"@type":"WebPage","@id":"https:\/\/redalimentaccion.org\/ca\/privacitat\/","url":"https:\/\/redalimentaccion.org\/ca\/privacitat\/","name":"Privacitat | Red Alimentacci\u00f3n","isPartOf":{"@id":"https:\/\/redalimentaccion.org\/#website"},"datePublished":"2023-07-07T11:40:05+00:00","dateModified":"2024-01-16T13:08:32+00:00","breadcrumb":{"@id":"https:\/\/redalimentaccion.org\/ca\/privacitat\/#breadcrumb"},"inLanguage":"ca","potentialAction":[{"@type":"ReadAction","target":["https:\/\/redalimentaccion.org\/ca\/privacitat\/"]}]},{"@type":"BreadcrumbList","@id":"https:\/\/redalimentaccion.org\/ca\/privacitat\/#breadcrumb","itemListElement":[{"@type":"ListItem","position":1,"name":"Inicio","item":"https:\/\/redalimentaccion.org\/ca\/"},{"@type":"ListItem","position":2,"name":"Privacitat"}]},{"@type":"WebSite","@id":"https:\/\/redalimentaccion.org\/#website","url":"https:\/\/redalimentaccion.org\/","name":"Red Alimentacci\u00f3n","description":"Red Alimentacci\u00f3n trabaja junto al sector educativo en la transformaci\u00f3n hacia un sistema alimentario saludable, justo, accesible y sostenible.","publisher":{"@id":"https:\/\/redalimentaccion.org\/#organization"},"alternateName":"Alimentacci\u00f3n","potentialAction":[{"@type":"SearchAction","target":{"@type":"EntryPoint","urlTemplate":"https:\/\/redalimentaccion.org\/?s={search_term_string}"},"query-input":{"@type":"PropertyValueSpecification","valueRequired":true,"valueName":"search_term_string"}}],"inLanguage":"ca"},{"@type":"Organization","@id":"https:\/\/redalimentaccion.org\/#organization","name":"Red Alimentacci\u00f3n","url":"https:\/\/redalimentaccion.org\/","logo":{"@type":"ImageObject","inLanguage":"ca","@id":"https:\/\/redalimentaccion.org\/#\/schema\/logo\/image\/","url":"https:\/\/redalimentaccion.org\/wp-content\/uploads\/2023\/07\/Logo_alimentaccion.png","contentUrl":"https:\/\/redalimentaccion.org\/wp-content\/uploads\/2023\/07\/Logo_alimentaccion.png","width":835,"height":364,"caption":"Red Alimentacci\u00f3n"},"image":{"@id":"https:\/\/redalimentaccion.org\/#\/schema\/logo\/image\/"}}]}},"_links":{"self":[{"href":"https:\/\/redalimentaccion.org\/ca\/wp-json\/wp\/v2\/pages\/2649","targetHints":{"allow":["GET"]}}],"collection":[{"href":"https:\/\/redalimentaccion.org\/ca\/wp-json\/wp\/v2\/pages"}],"about":[{"href":"https:\/\/redalimentaccion.org\/ca\/wp-json\/wp\/v2\/types\/page"}],"author":[{"embeddable":true,"href":"https:\/\/redalimentaccion.org\/ca\/wp-json\/wp\/v2\/users\/2"}],"replies":[{"embeddable":true,"href":"https:\/\/redalimentaccion.org\/ca\/wp-json\/wp\/v2\/comments?post=2649"}],"version-history":[{"count":0,"href":"https:\/\/redalimentaccion.org\/ca\/wp-json\/wp\/v2\/pages\/2649\/revisions"}],"wp:attachment":[{"href":"https:\/\/redalimentaccion.org\/ca\/wp-json\/wp\/v2\/media?parent=2649"}],"curies":[{"name":"wp","href":"https:\/\/api.w.org\/{rel}","templated":true}]}}