{"id":1945,"date":"2023-07-05T12:26:46","date_gmt":"2023-07-05T10:26:46","guid":{"rendered":"https:\/\/redalimentaccion.org\/gure-ikuspegiak\/"},"modified":"2024-02-01T08:49:11","modified_gmt":"2024-02-01T07:49:11","slug":"gure-ikuspegiak","status":"publish","type":"page","link":"https:\/\/redalimentaccion.org\/eu\/gure-ikuspegiak\/","title":{"rendered":"Gure ikuspegiak"},"content":{"rendered":"<div class=\"fusion-fullwidth fullwidth-box fusion-builder-row-1 fusion-flex-container has-pattern-background has-mask-background nonhundred-percent-fullwidth non-hundred-percent-height-scrolling fusion-custom-z-index\" style=\"--awb-border-radius-top-left:0px;--awb-border-radius-top-right:0px;--awb-border-radius-bottom-right:0px;--awb-border-radius-bottom-left:0px;--awb-z-index:0;--awb-padding-top-small:0px;--awb-padding-right-small:0px;--awb-padding-bottom-small:0px;--awb-padding-left-small:20px;--awb-margin-top:50px;--awb-margin-top-small:0px;--awb-flex-wrap:wrap;--awb-flex-wrap-small:nowrap;\" ><div class=\"fusion-builder-row fusion-row fusion-flex-align-items-flex-start fusion-flex-content-wrap\" style=\"max-width:1352px;margin-left: calc(-4% \/ 2 );margin-right: calc(-4% \/ 2 );\"><div class=\"fusion-layout-column fusion_builder_column fusion-builder-column-0 fusion_builder_column_1_2 1_2 fusion-flex-column fusion-flex-align-self-stretch fusion-column-inner-bg-wrapper elemento-scroll enfoque\" style=\"--awb-padding-top:15px;--awb-padding-right:15px;--awb-padding-bottom:15px;--awb-padding-left:15px;--awb-overflow:hidden;--awb-inner-bg-image:url(&#039;https:\/\/redalimentaccion.org\/wp-content\/uploads\/2024\/01\/Autora_Maria-Bermudez-2.jpeg&#039;);--awb-inner-bg-position:right bottom;--awb-inner-bg-position-small:right top;--awb-inner-bg-repeat-small:no-repeat;--awb-inner-bg-size:cover;--awb-inner-bg-size-small:cover;--awb-border-radius:50px 0px 50px 0px;--awb-inner-bg-border-radius:50px 0px 50px 0px;--awb-inner-bg-overflow:hidden;--awb-width-large:50%;--awb-margin-top-large:0px;--awb-spacing-right-large:20px;--awb-margin-bottom-large:40px;--awb-spacing-left-large:3.84%;--awb-width-medium:50%;--awb-order-medium:0;--awb-spacing-right-medium:20px;--awb-spacing-left-medium:3.84%;--awb-width-small:92%;--awb-order-small:0;--awb-spacing-right-small:20px;--awb-spacing-left-small:2.08695652174%;\" data-scroll-devices=\"small-visibility,medium-visibility,large-visibility\"><span class=\"fusion-column-inner-bg hover-type-none\"><a class=\"fusion-column-anchor\" href=\"\/eu\/gure-ikuspegiak\/elikadura-subiranotasuna\/\"><span class=\"fusion-column-inner-bg-image\"><\/span><\/a><\/span><div class=\"fusion-column-wrapper fusion-column-has-shadow fusion-flex-justify-content-flex-start fusion-content-layout-block fusion-column-has-bg-image\" data-bg-url=\"https:\/\/redalimentaccion.org\/wp-content\/uploads\/2024\/01\/Autora_Maria-Bermudez-2.jpeg\"><div class=\"fusion-title title fusion-title-1 fusion-sep-none fusion-title-text fusion-title-size-three\" style=\"--awb-margin-top:0px;--awb-margin-top-small:10px;--awb-margin-right-small:0px;--awb-margin-bottom-small:10px;--awb-margin-left-small:0px;\"><h3 class=\"fusion-title-heading title-heading-left fusion-responsive-typography-calculated\" style=\"margin:0;text-transform:uppercase;--fontSize:24;--minFontSize:24;line-height:var(--awb-typography1-line-height);\">Soberan\u00eda alimentar\u00eda<\/h3><\/div><div class=\"fusion-text fusion-text-1\" style=\"--awb-font-size:17px;\"><p>El derecho de los pueblos a tener alimentos sanos y culturalmente adecuados, producidos mediante m\u00e9todos sostenibles\u2026<\/p>\n<\/div><div class=\"fusion-title title fusion-title-2 fusion-sep-none fusion-title-text fusion-title-size-paragraph\" style=\"--awb-margin-top:0px;--awb-margin-bottom:5px;--awb-margin-top-small:10px;--awb-margin-right-small:0px;--awb-margin-bottom-small:10px;--awb-margin-left-small:0px;\"><p class=\"fusion-title-heading title-heading-left title-heading-tag fusion-responsive-typography-calculated\" style=\"margin:0;text-transform:uppercase;--fontSize:22;--minFontSize:22;line-height:;\">SABER M\u00c1S<\/p><\/div><div class=\"fusion-separator\" style=\"align-self: flex-start;margin-right:auto;margin-top:0px;margin-bottom:0px;width:100%;max-width:68px;\"><div class=\"fusion-separator-border sep-single sep-solid\" style=\"--awb-height:20px;--awb-amount:20px;--awb-sep-color:var(--awb-color5);border-color:var(--awb-color5);border-top-width:4px;\"><\/div><\/div><\/div><\/div><div class=\"fusion-layout-column fusion_builder_column fusion-builder-column-1 fusion_builder_column_1_2 1_2 fusion-flex-column fusion-flex-align-self-stretch fusion-column-inner-bg-wrapper elemento-scroll enfoque\" style=\"--awb-padding-top:15px;--awb-padding-right:15px;--awb-padding-bottom:15px;--awb-padding-left:15px;--awb-overflow:hidden;--awb-inner-bg-image:url(&#039;https:\/\/redalimentaccion.org\/wp-content\/uploads\/2024\/01\/scott-umstattd-trYLgKiDsR8-unsplash-1200x800-1.jpg&#039;);--awb-inner-bg-position:right top;--awb-inner-bg-size:cover;--awb-inner-bg-size-small:cover;--awb-border-radius:50px 0px 50px 0px;--awb-inner-bg-border-radius:50px 0px 50px 0px;--awb-inner-bg-overflow:hidden;--awb-width-large:50%;--awb-margin-top-large:0px;--awb-spacing-right-large:20px;--awb-margin-bottom-large:40px;--awb-spacing-left-large:3.84%;--awb-width-medium:50%;--awb-order-medium:0;--awb-spacing-right-medium:20px;--awb-spacing-left-medium:3.84%;--awb-width-small:95%;--awb-order-small:0;--awb-spacing-right-small:20px;--awb-spacing-left-small:2.02105263158%;\" data-scroll-devices=\"small-visibility,medium-visibility,large-visibility\"><span class=\"fusion-column-inner-bg hover-type-none\"><a class=\"fusion-column-anchor\" href=\"https:\/\/redalimentaccion.org\/eu\/gure-ikuspegiak\/genero-ikuspegia\/\"><span class=\"fusion-column-inner-bg-image\"><\/span><\/a><\/span><div class=\"fusion-column-wrapper fusion-column-has-shadow fusion-flex-justify-content-space-around fusion-content-layout-block fusion-column-has-bg-image\" data-bg-url=\"https:\/\/redalimentaccion.org\/wp-content\/uploads\/2024\/01\/scott-umstattd-trYLgKiDsR8-unsplash-1200x800-1.jpg\"><div class=\"fusion-title title fusion-title-3 fusion-sep-none fusion-title-text fusion-title-size-three\" style=\"--awb-margin-top:0px;--awb-margin-top-small:10px;--awb-margin-right-small:0px;--awb-margin-bottom-small:10px;--awb-margin-left-small:0px;\"><h3 class=\"fusion-title-heading title-heading-left fusion-responsive-typography-calculated\" style=\"margin:0;text-transform:uppercase;--fontSize:24;--minFontSize:24;line-height:var(--awb-typography1-line-height);\">Enfoque de g\u00e9nero<\/h3><\/div><div class=\"fusion-text fusion-text-2\" style=\"--awb-font-size:17px;\"><p>Seg\u00fan la FAO, en gran parte de los pa\u00edses del Sur Global, hasta el 70% de la producci\u00f3n agraria est\u00e1 en manos de mujeres\u2026<\/p>\n<\/div><div class=\"fusion-title title fusion-title-4 fusion-sep-none fusion-title-text fusion-title-size-paragraph\" style=\"--awb-margin-top:0px;--awb-margin-bottom:5px;--awb-margin-top-small:10px;--awb-margin-right-small:0px;--awb-margin-bottom-small:10px;--awb-margin-left-small:0px;--awb-sep-color:var(--awb-color5);\"><p class=\"fusion-title-heading title-heading-left title-heading-tag fusion-responsive-typography-calculated\" style=\"margin:0;text-transform:uppercase;--fontSize:22;--minFontSize:22;line-height:;\">SABER M\u00c1S<\/p><\/div><div class=\"fusion-separator\" style=\"align-self: flex-start;margin-right:auto;margin-top:0px;margin-bottom:0px;width:100%;max-width:68px;\"><div class=\"fusion-separator-border sep-single sep-solid\" style=\"--awb-height:20px;--awb-amount:20px;--awb-sep-color:var(--awb-color5);border-color:var(--awb-color5);border-top-width:4px;\"><\/div><\/div><\/div><\/div><div class=\"fusion-layout-column fusion_builder_column fusion-builder-column-2 fusion_builder_column_1_2 1_2 fusion-flex-column fusion-flex-align-self-stretch fusion-column-inner-bg-wrapper elemento-scroll enfoque\" style=\"--awb-padding-top:15px;--awb-padding-right:15px;--awb-padding-bottom:15px;--awb-padding-left:15px;--awb-overflow:hidden;--awb-inner-bg-image:url(&#039;https:\/\/redalimentaccion.org\/wp-content\/uploads\/2024\/01\/kelly-sikkema-unsplash.jpg&#039;);--awb-inner-bg-position:right top;--awb-inner-bg-size:cover;--awb-inner-bg-size-small:cover;--awb-border-radius:50px 0px 50px 0px;--awb-inner-bg-border-radius:50px 0px 50px 0px;--awb-inner-bg-overflow:hidden;--awb-width-large:50%;--awb-margin-top-large:0px;--awb-spacing-right-large:20px;--awb-margin-bottom-large:40px;--awb-spacing-left-large:3.84%;--awb-width-medium:50%;--awb-order-medium:0;--awb-spacing-right-medium:20px;--awb-spacing-left-medium:3.84%;--awb-width-small:95%;--awb-order-small:0;--awb-spacing-right-small:20px;--awb-spacing-left-small:2.02105263158%;\" data-scroll-devices=\"small-visibility,medium-visibility,large-visibility\"><span class=\"fusion-column-inner-bg hover-type-none\"><a class=\"fusion-column-anchor\" href=\"https:\/\/redalimentaccion.org\/eu\/gure-ikuspegiak\/pedagogia-kritikoak\/\"><span class=\"fusion-column-inner-bg-image\"><\/span><\/a><\/span><div class=\"fusion-column-wrapper fusion-column-has-shadow fusion-flex-justify-content-flex-end fusion-content-layout-block fusion-column-has-bg-image\" data-bg-url=\"https:\/\/redalimentaccion.org\/wp-content\/uploads\/2024\/01\/kelly-sikkema-unsplash.jpg\"><div class=\"fusion-title title fusion-title-5 fusion-sep-none fusion-title-text fusion-title-size-three\" style=\"--awb-margin-top:0px;--awb-margin-top-small:10px;--awb-margin-right-small:0px;--awb-margin-bottom-small:10px;--awb-margin-left-small:0px;\"><h3 class=\"fusion-title-heading title-heading-left fusion-responsive-typography-calculated\" style=\"margin:0;text-transform:uppercase;--fontSize:24;--minFontSize:24;line-height:var(--awb-typography1-line-height);\">Pedagog\u00edas cr\u00edticas<\/h3><\/div><div class=\"fusion-text fusion-text-3\" style=\"--awb-font-size:17px;\"><p>Las pedagog\u00edas cr\u00edticas abarcan un conjunto de enfoques que proponen una visi\u00f3n social y pol\u00edtica de los sentidos.<\/p>\n<\/div><div class=\"fusion-title title fusion-title-6 fusion-sep-none fusion-title-text fusion-title-size-paragraph\" style=\"--awb-margin-top:0px;--awb-margin-bottom:5px;--awb-margin-top-small:10px;--awb-margin-right-small:0px;--awb-margin-bottom-small:10px;--awb-margin-left-small:0px;\"><p class=\"fusion-title-heading title-heading-left title-heading-tag fusion-responsive-typography-calculated\" style=\"margin:0;text-transform:uppercase;--fontSize:22;--minFontSize:22;line-height:;\">SABER M\u00c1S<\/p><\/div><div class=\"fusion-separator\" style=\"align-self: flex-start;margin-right:auto;margin-top:0px;margin-bottom:0px;width:100%;max-width:68px;\"><div class=\"fusion-separator-border sep-single sep-solid\" style=\"--awb-height:20px;--awb-amount:20px;--awb-sep-color:var(--awb-color5);border-color:var(--awb-color5);border-top-width:4px;\"><\/div><\/div><\/div><\/div><div class=\"fusion-layout-column fusion_builder_column fusion-builder-column-3 fusion_builder_column_1_2 1_2 fusion-flex-column fusion-flex-align-self-stretch fusion-column-inner-bg-wrapper elemento-scroll enfoque\" style=\"--awb-padding-top:15px;--awb-padding-right:15px;--awb-padding-bottom:15px;--awb-padding-left:15px;--awb-overflow:hidden;--awb-inner-bg-image:url(&#039;https:\/\/redalimentaccion.org\/wp-content\/uploads\/2023\/08\/economias-transformadoras-enfoque.jpg&#039;);--awb-inner-bg-position:right top;--awb-inner-bg-size:cover;--awb-inner-bg-size-small:cover;--awb-border-radius:50px 0px 50px 0px;--awb-inner-bg-border-radius:50px 0px 50px 0px;--awb-inner-bg-overflow:hidden;--awb-width-large:50%;--awb-margin-top-large:0px;--awb-spacing-right-large:20px;--awb-margin-bottom-large:40px;--awb-spacing-left-large:3.84%;--awb-width-medium:50%;--awb-order-medium:0;--awb-spacing-right-medium:20px;--awb-spacing-left-medium:3.84%;--awb-width-small:95%;--awb-order-small:0;--awb-spacing-right-small:20px;--awb-spacing-left-small:2.02105263158%;\" data-scroll-devices=\"small-visibility,medium-visibility,large-visibility\"><span class=\"fusion-column-inner-bg hover-type-none\"><a class=\"fusion-column-anchor\" href=\"https:\/\/redalimentaccion.org\/eu\/gure-ikuspegiak\/ekonomia-eraldatzaileak\/\"><span class=\"fusion-column-inner-bg-image\"><\/span><\/a><\/span><div class=\"fusion-column-wrapper fusion-column-has-shadow fusion-flex-justify-content-flex-end fusion-content-layout-block fusion-column-has-bg-image\" data-bg-url=\"https:\/\/redalimentaccion.org\/wp-content\/uploads\/2023\/08\/economias-transformadoras-enfoque.jpg\"><div class=\"fusion-title title fusion-title-7 fusion-sep-none fusion-title-text fusion-title-size-three\" style=\"--awb-margin-top:0px;--awb-margin-top-small:10px;--awb-margin-right-small:0px;--awb-margin-bottom-small:10px;--awb-margin-left-small:0px;\"><h3 class=\"fusion-title-heading title-heading-left fusion-responsive-typography-calculated\" style=\"margin:0;text-transform:uppercase;--fontSize:24;--minFontSize:24;line-height:var(--awb-typography1-line-height);\">Econom\u00edas transformadoras<\/h3><\/div><div class=\"fusion-text fusion-text-4\" style=\"--awb-font-size:17px;\"><p>No cabe duda de que el sistema econ\u00f3mico m\u00e1s utilizado en el mundo es el capitalismo, cuyos valores se basan en la acumulaci\u00f3n\u2026<\/p>\n<\/div><div class=\"fusion-title title fusion-title-8 fusion-sep-none fusion-title-text fusion-title-size-paragraph\" style=\"--awb-margin-top:0px;--awb-margin-bottom:5px;--awb-margin-top-small:10px;--awb-margin-right-small:0px;--awb-margin-bottom-small:10px;--awb-margin-left-small:0px;\"><p class=\"fusion-title-heading title-heading-left title-heading-tag fusion-responsive-typography-calculated\" style=\"margin:0;text-transform:uppercase;--fontSize:22;--minFontSize:22;line-height:;\">SABER M\u00c1S<\/p><\/div><div class=\"fusion-separator\" style=\"align-self: flex-start;margin-right:auto;margin-top:0px;margin-bottom:0px;width:100%;max-width:68px;\"><div class=\"fusion-separator-border sep-single sep-solid\" style=\"--awb-height:20px;--awb-amount:20px;--awb-sep-color:var(--awb-color5);border-color:var(--awb-color5);border-top-width:4px;\"><\/div><\/div><\/div><\/div><\/div><\/div>\n\n","protected":false},"excerpt":{"rendered":"","protected":false},"author":2,"featured_media":0,"parent":0,"menu_order":0,"comment_status":"closed","ping_status":"closed","template":"100-width.php","meta":{"footnotes":""},"class_list":["post-1945","page","type-page","status-publish","hentry"],"yoast_head":"<!-- This site is optimized with the Yoast SEO plugin v27.4 - https:\/\/yoast.com\/product\/yoast-seo-wordpress\/ -->\n<title>Gure Ikuspegiak | Alimentacci\u00f3n<\/title>\n<meta name=\"description\" content=\"Elikadura burujabetza, generoa, pedagogia kritikoak eta ekonomia eraldatzaileak, elikadura sareak jarraitzen dituen lau ikuspegiak. Ezagutu!\" \/>\n<meta name=\"robots\" content=\"index, follow, max-snippet:-1, max-image-preview:large, max-video-preview:-1\" \/>\n<link rel=\"canonical\" href=\"https:\/\/redalimentaccion.org\/eu\/gure-ikuspegiak\/\" \/>\n<meta property=\"og:locale\" content=\"eu_ES\" \/>\n<meta property=\"og:type\" content=\"article\" \/>\n<meta property=\"og:title\" content=\"Gure Ikuspegiak | Alimentacci\u00f3n\" \/>\n<meta property=\"og:description\" content=\"Elikadura burujabetza, generoa, pedagogia kritikoak eta ekonomia eraldatzaileak, elikadura sareak jarraitzen dituen lau ikuspegiak. Ezagutu!\" \/>\n<meta property=\"og:url\" content=\"https:\/\/redalimentaccion.org\/eu\/gure-ikuspegiak\/\" \/>\n<meta property=\"og:site_name\" content=\"Red Alimentacci\u00f3n\" \/>\n<meta property=\"article:modified_time\" content=\"2024-02-01T07:49:11+00:00\" \/>\n<meta property=\"og:image\" content=\"https:\/\/redalimentaccion.org\/wp-content\/uploads\/2023\/07\/Logo_alimentaccion.png\" \/>\n\t<meta property=\"og:image:width\" content=\"835\" \/>\n\t<meta property=\"og:image:height\" content=\"364\" \/>\n\t<meta property=\"og:image:type\" content=\"image\/png\" \/>\n<meta name=\"twitter:card\" content=\"summary_large_image\" \/>\n<meta name=\"twitter:label1\" content=\"Est. reading time\" \/>\n\t<meta name=\"twitter:data1\" content=\"1 minute\" \/>\n<script type=\"application\/ld+json\" class=\"yoast-schema-graph\">{\"@context\":\"https:\\\/\\\/schema.org\",\"@graph\":[{\"@type\":\"WebPage\",\"@id\":\"https:\\\/\\\/redalimentaccion.org\\\/eu\\\/gure-ikuspegiak\\\/\",\"url\":\"https:\\\/\\\/redalimentaccion.org\\\/eu\\\/gure-ikuspegiak\\\/\",\"name\":\"Gure Ikuspegiak | Alimentacci\u00f3n\",\"isPartOf\":{\"@id\":\"https:\\\/\\\/redalimentaccion.org\\\/#website\"},\"datePublished\":\"2023-07-05T10:26:46+00:00\",\"dateModified\":\"2024-02-01T07:49:11+00:00\",\"description\":\"Elikadura burujabetza, generoa, pedagogia kritikoak eta ekonomia eraldatzaileak, elikadura sareak jarraitzen dituen lau ikuspegiak. Ezagutu!\",\"breadcrumb\":{\"@id\":\"https:\\\/\\\/redalimentaccion.org\\\/eu\\\/gure-ikuspegiak\\\/#breadcrumb\"},\"inLanguage\":\"eu-ES\",\"potentialAction\":[{\"@type\":\"ReadAction\",\"target\":[\"https:\\\/\\\/redalimentaccion.org\\\/eu\\\/gure-ikuspegiak\\\/\"]}]},{\"@type\":\"BreadcrumbList\",\"@id\":\"https:\\\/\\\/redalimentaccion.org\\\/eu\\\/gure-ikuspegiak\\\/#breadcrumb\",\"itemListElement\":[{\"@type\":\"ListItem\",\"position\":1,\"name\":\"Inicio\",\"item\":\"https:\\\/\\\/redalimentaccion.org\\\/eu\\\/\"},{\"@type\":\"ListItem\",\"position\":2,\"name\":\"Gure ikuspegiak\"}]},{\"@type\":\"WebSite\",\"@id\":\"https:\\\/\\\/redalimentaccion.org\\\/#website\",\"url\":\"https:\\\/\\\/redalimentaccion.org\\\/\",\"name\":\"Red Alimentacci\u00f3n\",\"description\":\"Red Alimentacci\u00f3n trabaja junto al sector educativo en la transformaci\u00f3n hacia un sistema alimentario saludable, justo, accesible y sostenible.\",\"publisher\":{\"@id\":\"https:\\\/\\\/redalimentaccion.org\\\/#organization\"},\"alternateName\":\"Alimentacci\u00f3n\",\"potentialAction\":[{\"@type\":\"SearchAction\",\"target\":{\"@type\":\"EntryPoint\",\"urlTemplate\":\"https:\\\/\\\/redalimentaccion.org\\\/?s={search_term_string}\"},\"query-input\":{\"@type\":\"PropertyValueSpecification\",\"valueRequired\":true,\"valueName\":\"search_term_string\"}}],\"inLanguage\":\"eu-ES\"},{\"@type\":\"Organization\",\"@id\":\"https:\\\/\\\/redalimentaccion.org\\\/#organization\",\"name\":\"Red Alimentacci\u00f3n\",\"url\":\"https:\\\/\\\/redalimentaccion.org\\\/\",\"logo\":{\"@type\":\"ImageObject\",\"inLanguage\":\"eu-ES\",\"@id\":\"https:\\\/\\\/redalimentaccion.org\\\/#\\\/schema\\\/logo\\\/image\\\/\",\"url\":\"https:\\\/\\\/redalimentaccion.org\\\/wp-content\\\/uploads\\\/2023\\\/07\\\/Logo_alimentaccion.png\",\"contentUrl\":\"https:\\\/\\\/redalimentaccion.org\\\/wp-content\\\/uploads\\\/2023\\\/07\\\/Logo_alimentaccion.png\",\"width\":835,\"height\":364,\"caption\":\"Red Alimentacci\u00f3n\"},\"image\":{\"@id\":\"https:\\\/\\\/redalimentaccion.org\\\/#\\\/schema\\\/logo\\\/image\\\/\"}}]}<\/script>\n<!-- \/ Yoast SEO plugin. -->","yoast_head_json":{"title":"Gure Ikuspegiak | Alimentacci\u00f3n","description":"Elikadura burujabetza, generoa, pedagogia kritikoak eta ekonomia eraldatzaileak, elikadura sareak jarraitzen dituen lau ikuspegiak. Ezagutu!","robots":{"index":"index","follow":"follow","max-snippet":"max-snippet:-1","max-image-preview":"max-image-preview:large","max-video-preview":"max-video-preview:-1"},"canonical":"https:\/\/redalimentaccion.org\/eu\/gure-ikuspegiak\/","og_locale":"eu_ES","og_type":"article","og_title":"Gure Ikuspegiak | Alimentacci\u00f3n","og_description":"Elikadura burujabetza, generoa, pedagogia kritikoak eta ekonomia eraldatzaileak, elikadura sareak jarraitzen dituen lau ikuspegiak. Ezagutu!","og_url":"https:\/\/redalimentaccion.org\/eu\/gure-ikuspegiak\/","og_site_name":"Red Alimentacci\u00f3n","article_modified_time":"2024-02-01T07:49:11+00:00","og_image":[{"width":835,"height":364,"url":"https:\/\/redalimentaccion.org\/wp-content\/uploads\/2023\/07\/Logo_alimentaccion.png","type":"image\/png"}],"twitter_card":"summary_large_image","twitter_misc":{"Est. reading time":"1 minute"},"schema":{"@context":"https:\/\/schema.org","@graph":[{"@type":"WebPage","@id":"https:\/\/redalimentaccion.org\/eu\/gure-ikuspegiak\/","url":"https:\/\/redalimentaccion.org\/eu\/gure-ikuspegiak\/","name":"Gure Ikuspegiak | Alimentacci\u00f3n","isPartOf":{"@id":"https:\/\/redalimentaccion.org\/#website"},"datePublished":"2023-07-05T10:26:46+00:00","dateModified":"2024-02-01T07:49:11+00:00","description":"Elikadura burujabetza, generoa, pedagogia kritikoak eta ekonomia eraldatzaileak, elikadura sareak jarraitzen dituen lau ikuspegiak. Ezagutu!","breadcrumb":{"@id":"https:\/\/redalimentaccion.org\/eu\/gure-ikuspegiak\/#breadcrumb"},"inLanguage":"eu-ES","potentialAction":[{"@type":"ReadAction","target":["https:\/\/redalimentaccion.org\/eu\/gure-ikuspegiak\/"]}]},{"@type":"BreadcrumbList","@id":"https:\/\/redalimentaccion.org\/eu\/gure-ikuspegiak\/#breadcrumb","itemListElement":[{"@type":"ListItem","position":1,"name":"Inicio","item":"https:\/\/redalimentaccion.org\/eu\/"},{"@type":"ListItem","position":2,"name":"Gure ikuspegiak"}]},{"@type":"WebSite","@id":"https:\/\/redalimentaccion.org\/#website","url":"https:\/\/redalimentaccion.org\/","name":"Red Alimentacci\u00f3n","description":"Red Alimentacci\u00f3n trabaja junto al sector educativo en la transformaci\u00f3n hacia un sistema alimentario saludable, justo, accesible y sostenible.","publisher":{"@id":"https:\/\/redalimentaccion.org\/#organization"},"alternateName":"Alimentacci\u00f3n","potentialAction":[{"@type":"SearchAction","target":{"@type":"EntryPoint","urlTemplate":"https:\/\/redalimentaccion.org\/?s={search_term_string}"},"query-input":{"@type":"PropertyValueSpecification","valueRequired":true,"valueName":"search_term_string"}}],"inLanguage":"eu-ES"},{"@type":"Organization","@id":"https:\/\/redalimentaccion.org\/#organization","name":"Red Alimentacci\u00f3n","url":"https:\/\/redalimentaccion.org\/","logo":{"@type":"ImageObject","inLanguage":"eu-ES","@id":"https:\/\/redalimentaccion.org\/#\/schema\/logo\/image\/","url":"https:\/\/redalimentaccion.org\/wp-content\/uploads\/2023\/07\/Logo_alimentaccion.png","contentUrl":"https:\/\/redalimentaccion.org\/wp-content\/uploads\/2023\/07\/Logo_alimentaccion.png","width":835,"height":364,"caption":"Red Alimentacci\u00f3n"},"image":{"@id":"https:\/\/redalimentaccion.org\/#\/schema\/logo\/image\/"}}]}},"_links":{"self":[{"href":"https:\/\/redalimentaccion.org\/eu\/wp-json\/wp\/v2\/pages\/1945","targetHints":{"allow":["GET"]}}],"collection":[{"href":"https:\/\/redalimentaccion.org\/eu\/wp-json\/wp\/v2\/pages"}],"about":[{"href":"https:\/\/redalimentaccion.org\/eu\/wp-json\/wp\/v2\/types\/page"}],"author":[{"embeddable":true,"href":"https:\/\/redalimentaccion.org\/eu\/wp-json\/wp\/v2\/users\/2"}],"replies":[{"embeddable":true,"href":"https:\/\/redalimentaccion.org\/eu\/wp-json\/wp\/v2\/comments?post=1945"}],"version-history":[{"count":0,"href":"https:\/\/redalimentaccion.org\/eu\/wp-json\/wp\/v2\/pages\/1945\/revisions"}],"wp:attachment":[{"href":"https:\/\/redalimentaccion.org\/eu\/wp-json\/wp\/v2\/media?parent=1945"}],"curies":[{"name":"wp","href":"https:\/\/api.w.org\/{rel}","templated":true}]}}